{"id":778,"date":"2024-02-28T15:10:09","date_gmt":"2024-02-28T15:10:09","guid":{"rendered":"https:\/\/lafavolosa.com\/ilgiovanefavolosa\/?page_id=778"},"modified":"2024-06-04T08:17:42","modified_gmt":"2024-06-04T08:17:42","slug":"regolamento","status":"publish","type":"page","link":"https:\/\/lafavolosa.com\/ilgiovanefavolosa\/evento\/regolamento\/","title":{"rendered":"Il Regolamento"},"content":{"rendered":"\t\t<div data-elementor-type=\"wp-page\" data-elementor-id=\"778\" class=\"elementor elementor-778\">\n\t\t\t\t\t\t<section data-particle_enable=\"false\" data-particle-mobile-disabled=\"false\" class=\"elementor-section elementor-top-section elementor-element elementor-element-423b7eb5 elementor-section-content-middle envato-kit-141-top-0 elementor-section-boxed elementor-section-height-default elementor-section-height-default\" data-id=\"423b7eb5\" data-element_type=\"section\" data-e-type=\"section\" data-settings=\"{&quot;background_background&quot;:&quot;classic&quot;}\">\n\t\t\t\t\t\t\t<div class=\"elementor-background-overlay\"><\/div>\n\t\t\t\t\t\t\t<div class=\"elementor-container elementor-column-gap-wide\">\n\t\t\t\t\t<div class=\"elementor-column elementor-col-100 elementor-top-column elementor-element elementor-element-46c548f0\" data-id=\"46c548f0\" data-element_type=\"column\" data-e-type=\"column\" data-settings=\"{&quot;background_background&quot;:&quot;classic&quot;}\">\n\t\t\t<div class=\"elementor-widget-wrap elementor-element-populated\">\n\t\t\t\t\t\t<div class=\"elementor-element elementor-element-6a47ae56 elementor-invisible elementor-widget elementor-widget-heading\" data-id=\"6a47ae56\" data-element_type=\"widget\" data-e-type=\"widget\" data-settings=\"{&quot;_animation&quot;:&quot;fadeIn&quot;,&quot;_animation_delay&quot;:100}\" data-widget_type=\"heading.default\">\n\t\t\t\t<div class=\"elementor-widget-container\">\n\t\t\t\t\t<h2 class=\"elementor-heading-title elementor-size-default\">Il Regolamento<\/h2>\t\t\t\t<\/div>\n\t\t\t\t<\/div>\n\t\t\t\t<div class=\"elementor-element elementor-element-664f3dda elementor-invisible elementor-widget elementor-widget-heading\" data-id=\"664f3dda\" data-element_type=\"widget\" data-e-type=\"widget\" data-settings=\"{&quot;_animation&quot;:&quot;fadeIn&quot;,&quot;_animation_delay&quot;:50}\" data-widget_type=\"heading.default\">\n\t\t\t\t<div class=\"elementor-widget-container\">\n\t\t\t\t\t<h2 class=\"elementor-heading-title elementor-size-default\">dell'evento \"Il giovane favolosa - viaggio in un nuovo olio\"<\/h2>\t\t\t\t<\/div>\n\t\t\t\t<\/div>\n\t\t\t\t<div class=\"elementor-element elementor-element-26f84667 elementor-widget-divider--view-line elementor-invisible elementor-widget elementor-widget-divider\" data-id=\"26f84667\" data-element_type=\"widget\" data-e-type=\"widget\" data-settings=\"{&quot;_animation&quot;:&quot;fadeIn&quot;,&quot;_animation_delay&quot;:300}\" data-widget_type=\"divider.default\">\n\t\t\t\t<div class=\"elementor-widget-container\">\n\t\t\t\t\t\t\t<div class=\"elementor-divider\">\n\t\t\t<span class=\"elementor-divider-separator\">\n\t\t\t\t\t\t<\/span>\n\t\t<\/div>\n\t\t\t\t\t\t<\/div>\n\t\t\t\t<\/div>\n\t\t\t\t<section data-particle_enable=\"false\" data-particle-mobile-disabled=\"false\" class=\"elementor-section elementor-inner-section elementor-element elementor-element-537b760 elementor-section-boxed elementor-section-height-default elementor-section-height-default\" data-id=\"537b760\" data-element_type=\"section\" data-e-type=\"section\">\n\t\t\t\t\t\t<div class=\"elementor-container elementor-column-gap-no\">\n\t\t\t\t\t<div class=\"elementor-column elementor-col-100 elementor-inner-column elementor-element elementor-element-684b931e\" data-id=\"684b931e\" data-element_type=\"column\" data-e-type=\"column\">\n\t\t\t<div class=\"elementor-widget-wrap elementor-element-populated\">\n\t\t\t\t\t\t<div class=\"elementor-element elementor-element-dea69a2 elementor-widget elementor-widget-text-editor\" data-id=\"dea69a2\" data-element_type=\"widget\" data-e-type=\"widget\" data-widget_type=\"text-editor.default\">\n\t\t\t\t<div class=\"elementor-widget-container\">\n\t\t\t\t\t\t\t\t\t<h5><strong>Art. 1.<\/strong><\/h5><p>Al fine di promuovere e valorizzare l\u2019olio extra vergine di oliva della Cultivar Favolosa qualit\u00e0 italiana, \u00e8 stato istituito una Giornata annuale nazionale finalizzata a valorizzare la cultivar \u201cFAVOLOSA \u201d a cura di OLIVETI D\u2019ITALIA SCPA &#8211; ANDRIA , con l\u2019intento di:<\/p><p style=\"padding-left: 40px;\">\u2022 Promuovere e valorizzare l\u2019olio extra vergine di oliva di alta qualit\u00e0 proveniente esclusivamente da olive FS 17 prodotte e trasformate in Italia e coniugarlo alla sana alimentazione.<br \/>\u2022 Dare il giusto riconoscimento a tutta la filiera Olearia Favolosa.<br \/>\u2022 Tutelare i consumatori e le aziende confezionatori di tale qualit\u00e0.<\/p><h5><strong>Art. 2.<\/strong><\/h5><p>La giornata Nazionale Favolosa tra produttori olivicoli, frantoiani e\/o imbottigliatori che oltre a premiare le nostre eccellenze di EVO nazionali, funger\u00e0 da cassa di risonanza per diffondere i benefici nutrizionali e caratteristiche organolettiche per tracciare la qualit\u00e0, ancora poco conosciuti dalla maggioranza dei consumatori ed industriali, di questa qualit\u00e0, prezioso alimento e di conseguenza di farne aumentare il consumo.<\/p><h5>Art. 3.<\/h5><p>La giornata \u201cFAVOLOSA 2024\u201d (campagna oleicola 2023\/24) si svolger\u00e0 nelle seguenti date e fasi:<\/p><ul><li>Apertura ricezione delle iscrizioni, e invio dei campioni n. 6 bottiglie da 500 ml. di cui 2 bottiglie con etichette e 4 senza etichette.<\/li><li>Chiusura ricezione delle iscrizioni, e dei campioni.<\/li><li>Giornate evento aperto a tutti e diviso in aree tematiche:<\/li><li>2 ore circa dibattitto sulle qualit\u00e0 organolettiche e caratteristiche chimico organolettiche ,<\/li><li>2 ore circa dibattito su aspetti agronomici sulle caratteristiche derivanti dalla compilazione delle schede,<\/li><li>2 ore circa dibattito proiezioni , mercato e consumatori. <\/li><\/ul><h5>Art. 4.<\/h5><p>Sono ammessi a partecipare alla giornata FAVOLOSA 2024 ESCLUSIVAMENTE olii extra vergine di oliva provenienti da olive prodotte e molite in Italia:<\/p><ol><li style=\"list-style-type: none;\"><ul><li>Olio Extravergine di oliva convenzionale<br \/>1. Fruttato intenso <br \/>2. Fruttato medio <br \/>3. Fruttato leggero <\/li><li>Olio Extravergine di oliva da Agricoltura Biologica <br \/>1. Olio extravergine di oliva Dop <br \/>2. Olio extravergine di oliva IGP <\/li><\/ul><\/li><\/ol><p>I campioni di EVO da inviare possono essere in confezioni di diverso formato ma non al di sotto dei 500 ml. e che riportano etichette rispettose delle norme vigenti REG. U.E. 1169\/2011<\/p><h5>Art. 5.<\/h5><p>Nei tempi previsti i partecipanti dovranno compilare il form di iscrizione e completare l&#8217;invio dei campioni e far pervenire n. 6 BOTTIGLIE (almeno da 500 ml) per ogni tipologia di categoria di cui all\u2019art. 4 al quale si vuole partecipare all&#8217;indirizzo:<\/p><p style=\"padding-left: 40px;\">OLIVETI D\u2019ITALIA SCPA<\/p><p style=\"padding-left: 40px;\">VIA MURGE, 57<\/p><p style=\"padding-left: 40px;\">76123 ANDRIA (BT)<\/p><p>L\u2019organizzazione potr\u00e0 decidere, in qualunque momento ed unilateralmente, di annullare la manifestazione per sopravvenute cause di forza maggiore, e i campioni inviati al concorso non saranno restituiti.<\/p><h5>Art. 6.<\/h5><p>Il Panel di assaggio degli olii designato \u00e8 quello scelto e guidato dal Capo Panel Nicola Perrucci con l\u2019eventuale aggiunta di altri assaggiatori affermati. Al tal proposito viene costituito un Comitato Tecnico di controllo formato da 5 componenti.<br \/><br \/><\/p><h5>Art. 7.<\/h5><p>Per la partecipazione alla giornata \u201c FAVOLOSA 2024\u201d non \u00e8 prevista nessuna quota di partecipazione<\/p><h5>Art. 8.<\/h5><p>L\u2019elenco di tutti gli oli partecipanti, sar\u00e0 reso pubblico insieme al Regolamento ed al modulo di iscrizione (in formato scaricabile).<br \/>Non verranno riportati i riferimenti i dei brand partecipanti che non avranno rilasciato il consenso per il trattamento dei dati personali riportati sul modulo d\u2019iscrizione.<\/p><h5>Art. 9.<\/h5><p>Non sono previsti premi in denaro.<\/p>\t\t\t\t\t\t\t\t<\/div>\n\t\t\t\t<\/div>\n\t\t\t\t\t<\/div>\n\t\t<\/div>\n\t\t\t\t\t<\/div>\n\t\t<\/section>\n\t\t\t\t\t<\/div>\n\t\t<\/div>\n\t\t\t\t\t<\/div>\n\t\t<\/section>\n\t\t\t\t<\/div>\n\t\t","protected":false},"excerpt":{"rendered":"<p>Il Regolamento dell&#8217;evento &#8220;Il giovane favolosa &#8211; viaggio in un nuovo olio&#8221; Art. 1. Al fine di promuovere e valorizzare l\u2019olio extra vergine di oliva della Cultivar Favolosa qualit\u00e0 italiana, \u00e8 stato istituito una Giornata annuale nazionale finalizzata a valorizzare la cultivar \u201cFAVOLOSA \u201d a cura di OLIVETI D\u2019ITALIA SCPA &#8211; ANDRIA , con l\u2019intento &hellip; <\/p>\n<p class=\"link-more\"><a href=\"https:\/\/lafavolosa.com\/ilgiovanefavolosa\/evento\/regolamento\/\" class=\"more-link\">Leggi tutto<span class=\"screen-reader-text\"> &#8220;Il Regolamento&#8221;<\/span><\/a><\/p>\n","protected":false},"author":3,"featured_media":0,"parent":706,"menu_order":0,"comment_status":"closed","ping_status":"closed","template":"page-templates\/full-width-no-title.php","meta":{"inspiro_hide_title":false,"footnotes":""},"class_list":["post-778","page","type-page","status-publish","hentry"],"_links":{"self":[{"href":"https:\/\/lafavolosa.com\/ilgiovanefavolosa\/wp-json\/wp\/v2\/pages\/778","targetHints":{"allow":["GET"]}}],"collection":[{"href":"https:\/\/lafavolosa.com\/ilgiovanefavolosa\/wp-json\/wp\/v2\/pages"}],"about":[{"href":"https:\/\/lafavolosa.com\/ilgiovanefavolosa\/wp-json\/wp\/v2\/types\/page"}],"author":[{"embeddable":true,"href":"https:\/\/lafavolosa.com\/ilgiovanefavolosa\/wp-json\/wp\/v2\/users\/3"}],"replies":[{"embeddable":true,"href":"https:\/\/lafavolosa.com\/ilgiovanefavolosa\/wp-json\/wp\/v2\/comments?post=778"}],"version-history":[{"count":19,"href":"https:\/\/lafavolosa.com\/ilgiovanefavolosa\/wp-json\/wp\/v2\/pages\/778\/revisions"}],"predecessor-version":[{"id":947,"href":"https:\/\/lafavolosa.com\/ilgiovanefavolosa\/wp-json\/wp\/v2\/pages\/778\/revisions\/947"}],"up":[{"embeddable":true,"href":"https:\/\/lafavolosa.com\/ilgiovanefavolosa\/wp-json\/wp\/v2\/pages\/706"}],"wp:attachment":[{"href":"https:\/\/lafavolosa.com\/ilgiovanefavolosa\/wp-json\/wp\/v2\/media?parent=778"}],"curies":[{"name":"wp","href":"https:\/\/api.w.org\/{rel}","templated":true}]}}