{"id":1119,"date":"2024-05-24T10:40:00","date_gmt":"2024-05-24T10:40:00","guid":{"rendered":"https:\/\/lafavolosa.com\/ilgiovanefavolosa\/?page_id=1119"},"modified":"2025-09-30T11:19:10","modified_gmt":"2025-09-30T11:19:10","slug":"rassegna-stampa","status":"publish","type":"page","link":"https:\/\/lafavolosa.com\/ilgiovanefavolosa\/evento\/rassegna-stampa\/","title":{"rendered":"Rassegna Stampa"},"content":{"rendered":"\t\t<div data-elementor-type=\"wp-page\" data-elementor-id=\"1119\" class=\"elementor elementor-1119\">\n\t\t\t\t<div data-particle_enable=\"false\" data-particle-mobile-disabled=\"false\" class=\"elementor-element elementor-element-28d90f2 e-flex e-con-boxed e-con e-parent\" data-id=\"28d90f2\" data-element_type=\"container\" data-e-type=\"container\">\n\t\t\t\t\t<div class=\"e-con-inner\">\n\t\t\t\t<div class=\"elementor-element elementor-element-fb2d075 elementor-widget elementor-widget-eael-post-list\" data-id=\"fb2d075\" data-element_type=\"widget\" data-e-type=\"widget\" data-widget_type=\"eael-post-list.default\">\n\t\t\t\t<div class=\"elementor-widget-container\">\n\t\t\t\t\t<div class=\"eael-post-list-container default layout-default\"><div class=\"eael-post-list-wrap\"><div class=\"eael-post-list-posts-wrap eael-post-appender eael-post-appender-fb2d075\"><div class=\"eael-post-list-post \"><div class=\"eael-post-list-thumbnail \"><a href=\"https:\/\/lafavolosa.com\/ilgiovanefavolosa\/finanziamenti-progettualita-e-automatizzazione-gli-agricoltori-salentini-riprendono-la-produzione-di-olive\/\">\n                            <img decoding=\"async\" src=\"https:\/\/lafavolosa.com\/ilgiovanefavolosa\/wp-content\/uploads\/2024\/03\/311407926_816751806163156_8702726832609093743_n-768x432.jpg\" alt=\"\">\n                        <\/a><\/div><div class=\"eael-post-list-content\"><h2 class=\"eael-post-list-title\"><a href=\"https:\/\/lafavolosa.com\/ilgiovanefavolosa\/finanziamenti-progettualita-e-automatizzazione-gli-agricoltori-salentini-riprendono-la-produzione-di-olive\/\" >Finanziamenti, progettualit\u00e0 e automatizzazione: gli agricoltori salentini riprendono la produzione di olive<\/a><\/h2><div class=\"meta\">\n                    <span><i class=\"far fa-calendar-alt\"><\/i> Febbraio 27, 2025<\/span>\n                <\/div><p>La rinascita dell&#8217;olivicoltura salentina: tra innovazione e resistenza Sembrava impossibile, eppure oggi in alcune zone del Salento la Xylella \u00e8 solo un ricordo. Dopo anni di crisi e devastazione, gli agricoltori locali sono riusciti a trasformare la tragedia in un\u2019opportunit\u00e0 di crescita, riportando l&#8217;olivicoltura ai...<\/p><a href=\"https:\/\/lafavolosa.com\/ilgiovanefavolosa\/finanziamenti-progettualita-e-automatizzazione-gli-agricoltori-salentini-riprendono-la-produzione-di-olive\/\" class=\"eael-post-elements-readmore-btn\" >Leggi l&#039;articolo<\/a><\/div><\/div><div class=\"eael-post-list-post \"><div class=\"eael-post-list-thumbnail \"><a href=\"https:\/\/lafavolosa.com\/ilgiovanefavolosa\/6-febbraio-2025-mattino-norba-il-presidente-ruggiero-parla-di-agroalimentare-acqua-e-xylella\/\">\n                            <img decoding=\"async\" src=\"https:\/\/lafavolosa.com\/ilgiovanefavolosa\/wp-content\/uploads\/2025\/02\/maxresdefault.webp\" alt=\"\">\n                        <\/a><\/div><div class=\"eael-post-list-content\"><h2 class=\"eael-post-list-title\"><a href=\"https:\/\/lafavolosa.com\/ilgiovanefavolosa\/6-febbraio-2025-mattino-norba-il-presidente-ruggiero-parla-di-agroalimentare-acqua-e-xylella\/\" >6 Febbraio 2025 &#8211; Mattino Norba &#8211; Il Presidente Ruggiero parla di Agroalimentare, Acqua e Xylella<\/a><\/h2><div class=\"meta\">\n                    <span><i class=\"far fa-calendar-alt\"><\/i> Febbraio 7, 2025<\/span>\n                <\/div><p>Agroalimentare ed Export: La Puglia tra Eccellenza e Sfide Globali Il settore agroalimentare pugliese si conferma un&#8217;eccellenza del Made in Italy, con un export che continua a trainare l\u2019economia regionale. Tuttavia, il comparto affronta sfide crescenti legate alla gestione delle risorse idriche, alla concorrenza extra...<\/p><a href=\"https:\/\/lafavolosa.com\/ilgiovanefavolosa\/6-febbraio-2025-mattino-norba-il-presidente-ruggiero-parla-di-agroalimentare-acqua-e-xylella\/\" class=\"eael-post-elements-readmore-btn\" >Leggi l&#039;articolo<\/a><\/div><\/div><div class=\"eael-post-list-post \"><div class=\"eael-post-list-thumbnail \"><a href=\"https:\/\/lafavolosa.com\/ilgiovanefavolosa\/24-maggio-2024-tgr-puglia-olivicotura-pugliese-e-xylella-fastidiosa\/\">\n                            <img decoding=\"async\" src=\"https:\/\/lafavolosa.com\/ilgiovanefavolosa\/wp-content\/uploads\/2024\/05\/TGR-Puglia-Olivicoltura-e-xylella.jpg\" alt=\"\">\n                        <\/a><\/div><div class=\"eael-post-list-content\"><h2 class=\"eael-post-list-title\"><a href=\"https:\/\/lafavolosa.com\/ilgiovanefavolosa\/24-maggio-2024-tgr-puglia-olivicotura-pugliese-e-xylella-fastidiosa\/\" >24 Maggio 2024 &#8211; TGR Puglia &#8211; Olivicotura Pugliese e Xylella fastidiosa<\/a><\/h2><div class=\"meta\">\n                    <span><i class=\"far fa-calendar-alt\"><\/i> Maggio 28, 2024<\/span>\n                <\/div><p>Giornalista: E della questione xylella parliamo con il presidente del Consorzio Oliveti d\u2019italia, Nicola Ruggiero, benvenuto. Presidente: Buongiorno e grazie dell\u2019invito. Giornalista: E allora abbiamo sentito, va avanti la ricerca, vanno avanti le sperimentazioni, a che pnto stiamo? Presidente: Questi sono tutti esempi positivi di...<\/p><a href=\"https:\/\/lafavolosa.com\/ilgiovanefavolosa\/24-maggio-2024-tgr-puglia-olivicotura-pugliese-e-xylella-fastidiosa\/\" class=\"eael-post-elements-readmore-btn\" >Leggi l&#039;articolo<\/a><\/div><\/div><div class=\"eael-post-list-post \"><div class=\"eael-post-list-thumbnail \"><a href=\"https:\/\/lafavolosa.com\/ilgiovanefavolosa\/09-maggio-2024-amica9-tv\/\">\n                            <img decoding=\"async\" src=\"https:\/\/lafavolosa.com\/ilgiovanefavolosa\/wp-content\/uploads\/2024\/05\/AmicaTV-scaled.jpg\" alt=\"\">\n                        <\/a><\/div><div class=\"eael-post-list-content\"><h2 class=\"eael-post-list-title\"><a href=\"https:\/\/lafavolosa.com\/ilgiovanefavolosa\/09-maggio-2024-amica9-tv\/\" >09 Maggio 2024 &#8211; Amica9 Tv<\/a><\/h2><div class=\"meta\">\n                    <span><i class=\"far fa-calendar-alt\"><\/i> Maggio 28, 2024<\/span>\n                <\/div><p>Una comunit\u00e0 tra gli operatori impegnati nella produzione, commercializzazione e valorizzazione della variet\u00e0 di olio extravergine di oliva Favolosa, la cultivar che ha avuto ed ha grande parte nella rinascita di intere parti del salento olivicolo, aggredito dalla xylella. Conoscere questa cultivar da vicino e...<\/p><a href=\"https:\/\/lafavolosa.com\/ilgiovanefavolosa\/09-maggio-2024-amica9-tv\/\" class=\"eael-post-elements-readmore-btn\" >Leggi l&#039;articolo<\/a><\/div><\/div><div class=\"eael-post-list-post \"><div class=\"eael-post-list-thumbnail \"><a href=\"https:\/\/lafavolosa.com\/ilgiovanefavolosa\/20-maggio-2024-podcast-rai-tv-artigianato-food\/\">\n                            <img decoding=\"async\" src=\"https:\/\/lafavolosa.com\/ilgiovanefavolosa\/wp-content\/uploads\/2024\/05\/14126774403111411121954379italia_che_va_media_640x360.jpg\" alt=\"\">\n                        <\/a><\/div><div class=\"eael-post-list-content\"><h2 class=\"eael-post-list-title\"><a href=\"https:\/\/lafavolosa.com\/ilgiovanefavolosa\/20-maggio-2024-podcast-rai-tv-artigianato-food\/\" >20 Maggio 2024 &#8211; Podcast Rai.TV &#8211; Artigianato Food<\/a><\/h2><div class=\"meta\">\n                    <span><i class=\"far fa-calendar-alt\"><\/i> Maggio 28, 2024<\/span>\n                <\/div><p>L&#8217;Italia che va: storie, realt\u00e0, esperienze, imprenditori di successo. Giornalista: E adesso siamo proprio in una zona vocata per la produzione del meraviglioso nettere verde, e allora all&#8217;olio extravergine di oliva. Stiamo nella provincia di Bat: Barletta, Andria e Trani. E proprio qui \u00e8 stata...<\/p><a href=\"https:\/\/lafavolosa.com\/ilgiovanefavolosa\/20-maggio-2024-podcast-rai-tv-artigianato-food\/\" class=\"eael-post-elements-readmore-btn\" >Leggi l&#039;articolo<\/a><\/div><\/div><div class=\"eael-post-list-post \"><div class=\"eael-post-list-thumbnail \"><a href=\"https:\/\/lafavolosa.com\/ilgiovanefavolosa\/06-maggio-2024-btv-news\/\">\n                            <img decoding=\"async\" src=\"https:\/\/lafavolosa.com\/ilgiovanefavolosa\/wp-content\/uploads\/2024\/05\/BTV-scaled.jpg\" alt=\"\">\n                        <\/a><\/div><div class=\"eael-post-list-content\"><h2 class=\"eael-post-list-title\"><a href=\"https:\/\/lafavolosa.com\/ilgiovanefavolosa\/06-maggio-2024-btv-news\/\" >06 Maggio 2024 &#8211; BTV News<\/a><\/h2><div class=\"meta\">\n                    <span><i class=\"far fa-calendar-alt\"><\/i> Maggio 28, 2024<\/span>\n                <\/div><p>AGRICOLTURA, PRESENTATA A BARI LA DUE GIORNI SULLA &#8220;FAVOLOSA&#8221;. LA CULTIVAR CHE RESISTE ALLA XYLELLA PROTAGONISTA A TRANI Favolosa \u00e8 la variet\u00e0 olivicola che sar\u00e0 protagonista della due giorni di incontri a Trani. La caratteristica principale di questa cultivar \u00e8 la resistenza alla xylella. Nota...<\/p><a href=\"https:\/\/lafavolosa.com\/ilgiovanefavolosa\/06-maggio-2024-btv-news\/\" class=\"eael-post-elements-readmore-btn\" >Leggi l&#039;articolo<\/a><\/div><\/div><div class=\"eael-post-list-post \"><div class=\"eael-post-list-thumbnail \"><a href=\"https:\/\/lafavolosa.com\/ilgiovanefavolosa\/10-maggio-2024-antenna-sud\/\">\n                            <img decoding=\"async\" src=\"https:\/\/lafavolosa.com\/ilgiovanefavolosa\/wp-content\/uploads\/2024\/05\/438173594_1226873118484354_8891635813949597646_n-1.jpg\" alt=\"\">\n                        <\/a><\/div><div class=\"eael-post-list-content\"><h2 class=\"eael-post-list-title\"><a href=\"https:\/\/lafavolosa.com\/ilgiovanefavolosa\/10-maggio-2024-antenna-sud\/\" >10 Maggio 2024 &#8211; Antenna Sud<\/a><\/h2><div class=\"meta\">\n                    <span><i class=\"far fa-calendar-alt\"><\/i> Maggio 27, 2024<\/span>\n                <\/div><p>&#8220;Il giovane Favolosa: viaggio in un nuovo olio&#8221; Favolosa, la cultivar\u00a0che ha contributo a salvare l\u2019olivicoltura salentina aggredita dalla Xylella, al centro di una due giorni tra produttori, esperti, assaggiatori e docenti universitari. Il nostro Presidente Nicola Ruggiero: &#8220;L&#8217;italia ha deficit strutturali di prodotto, abbiamo...<\/p><a href=\"https:\/\/lafavolosa.com\/ilgiovanefavolosa\/10-maggio-2024-antenna-sud\/\" class=\"eael-post-elements-readmore-btn\" >Leggi l&#039;articolo<\/a><\/div><\/div><div class=\"eael-post-list-post \"><div class=\"eael-post-list-thumbnail \"><a href=\"https:\/\/lafavolosa.com\/ilgiovanefavolosa\/07-maggio-2024-radionorba\/\">\n                            <img decoding=\"async\" src=\"https:\/\/lafavolosa.com\/ilgiovanefavolosa\/wp-content\/uploads\/2024\/05\/RadioNorba.jpg\" alt=\"\">\n                        <\/a><\/div><div class=\"eael-post-list-content\"><h2 class=\"eael-post-list-title\"><a href=\"https:\/\/lafavolosa.com\/ilgiovanefavolosa\/07-maggio-2024-radionorba\/\" >07 Maggio 2024 &#8211; RadioNorba<\/a><\/h2><div class=\"meta\">\n                    <span><i class=\"far fa-calendar-alt\"><\/i> Maggio 27, 2024<\/span>\n                <\/div><p>A Trani un convegno dedicato all\u2019olio di Favolosa, la cultivar resistente alla Xylella Intervista al nostro Presidente, Nicola Ruggiero: &#8220;Gli olivicoltori pugliesi hanno una caratteristica che ci contraddistingue da sempre: quella di non fermarsi mai e riuscire dalla roccia ad estrarre il miglior prodotto del...<\/p><a href=\"https:\/\/lafavolosa.com\/ilgiovanefavolosa\/07-maggio-2024-radionorba\/\" class=\"eael-post-elements-readmore-btn\" >Leggi l&#039;articolo<\/a><\/div><\/div><div class=\"eael-post-list-post \"><div class=\"eael-post-list-thumbnail \"><a href=\"https:\/\/lafavolosa.com\/ilgiovanefavolosa\/06-maggio-2024-antenna-sud\/\">\n                            <img decoding=\"async\" src=\"https:\/\/lafavolosa.com\/ilgiovanefavolosa\/wp-content\/uploads\/2024\/05\/Screenshot-2024-05-27-alle-15.19.15.jpg\" alt=\"\">\n                        <\/a><\/div><div class=\"eael-post-list-content\"><h2 class=\"eael-post-list-title\"><a href=\"https:\/\/lafavolosa.com\/ilgiovanefavolosa\/06-maggio-2024-antenna-sud\/\" >06 Maggio 2024 &#8211; Antenna Sud<\/a><\/h2><div class=\"meta\">\n                    <span><i class=\"far fa-calendar-alt\"><\/i> Maggio 27, 2024<\/span>\n                <\/div><p>Trani, due giorni per Il Giovane Favolosa &#8211; Viaggio in un nuovo olio C&#8217;\u00e8 un olio, quello di Favolosa, che ha contribuito a salvare l&#8217;olivicoltura salentina aggredita dalla xylella, la cultivar \u00e8 ormai presente ovunque in Italia e sta avendo molto successo. A Trani, il...<\/p><a href=\"https:\/\/lafavolosa.com\/ilgiovanefavolosa\/06-maggio-2024-antenna-sud\/\" class=\"eael-post-elements-readmore-btn\" >Leggi l&#039;articolo<\/a><\/div><\/div><div class=\"eael-post-list-post \"><div class=\"eael-post-list-thumbnail \"><a href=\"https:\/\/lafavolosa.com\/ilgiovanefavolosa\/06-maggio-2024-trm-network\/\">\n                            <img decoding=\"async\" src=\"https:\/\/lafavolosa.com\/ilgiovanefavolosa\/wp-content\/uploads\/2024\/05\/TRM-Network.jpg\" alt=\"\">\n                        <\/a><\/div><div class=\"eael-post-list-content\"><h2 class=\"eael-post-list-title\"><a href=\"https:\/\/lafavolosa.com\/ilgiovanefavolosa\/06-maggio-2024-trm-network\/\" >06 Maggio 2024 &#8211; TRM Network<\/a><\/h2><div class=\"meta\">\n                    <span><i class=\"far fa-calendar-alt\"><\/i> Maggio 27, 2024<\/span>\n                <\/div><p>\u201cIl giovane Favolosa\u201d, a Trani un appuntamento sulla cultivar che ha contribuito a salvare l\u2019olivicoltura salentina Evoluzione delle tecniche, innovazioni e valorizzazione della Favolosa. Sono i temi de \u201cIl giovane Favolosa\u201d, evento che si terr\u00e0 a Trani il 9 e 10 maggio, in cui si...<\/p><a href=\"https:\/\/lafavolosa.com\/ilgiovanefavolosa\/06-maggio-2024-trm-network\/\" class=\"eael-post-elements-readmore-btn\" >Leggi l&#039;articolo<\/a><\/div><\/div><div class=\"eael-post-list-post \"><div class=\"eael-post-list-thumbnail \"><a href=\"https:\/\/lafavolosa.com\/ilgiovanefavolosa\/07-maggio-2025-tg-norba\/\">\n                            <img decoding=\"async\" src=\"https:\/\/lafavolosa.com\/ilgiovanefavolosa\/wp-content\/uploads\/2024\/05\/TGNorba-scaled.jpg\" alt=\"\">\n                        <\/a><\/div><div class=\"eael-post-list-content\"><h2 class=\"eael-post-list-title\"><a href=\"https:\/\/lafavolosa.com\/ilgiovanefavolosa\/07-maggio-2025-tg-norba\/\" >07 Maggio 2025 &#8211; TG Norba<\/a><\/h2><div class=\"meta\">\n                    <span><i class=\"far fa-calendar-alt\"><\/i> Maggio 24, 2024<\/span>\n                <\/div><p>TgNorba delle 7.30 del 7 Maggio 2024 [fonte integrale: https:\/\/play.norbaonline.it\/series\/6\/slug\/episode\/90ac3a40cb67e91e79cc94802b3dcb45412beec7\/tgnorba-delle-730-del-7-maggio-2024]<\/p><a href=\"https:\/\/lafavolosa.com\/ilgiovanefavolosa\/07-maggio-2025-tg-norba\/\" class=\"eael-post-elements-readmore-btn\" >Leggi l&#039;articolo<\/a><\/div><\/div><div class=\"eael-post-list-post \"><div class=\"eael-post-list-thumbnail \"><a href=\"https:\/\/lafavolosa.com\/ilgiovanefavolosa\/07-maggio-2024-tele-sveva\/\">\n                            <img decoding=\"async\" src=\"https:\/\/lafavolosa.com\/ilgiovanefavolosa\/wp-content\/uploads\/2024\/05\/TeleSveva.jpg\" alt=\"\">\n                        <\/a><\/div><div class=\"eael-post-list-content\"><h2 class=\"eael-post-list-title\"><a href=\"https:\/\/lafavolosa.com\/ilgiovanefavolosa\/07-maggio-2024-tele-sveva\/\" >07 Maggio 2024 &#8211; Tele Sveva<\/a><\/h2><div class=\"meta\">\n                    <span><i class=\"far fa-calendar-alt\"><\/i> Maggio 24, 2024<\/span>\n                <\/div><p>L\u2019olio extravergine di oliva Evo di Favolosa, la cultivar nota anche come FS 17 e coltivata con successo in ogni regione d\u2019Italia, coinvolger\u00e0, per due giorni, il 9 e il 10 maggio, la citt\u00e0 di Trani nel porre la prima pietra di una vera e...<\/p><a href=\"https:\/\/lafavolosa.com\/ilgiovanefavolosa\/07-maggio-2024-tele-sveva\/\" class=\"eael-post-elements-readmore-btn\" >Leggi l&#039;articolo<\/a><\/div><\/div><div class=\"eael-post-list-post \"><div class=\"eael-post-list-thumbnail \"><a href=\"https:\/\/lafavolosa.com\/ilgiovanefavolosa\/07-maggio-2024-ilquartopotere-it\/\">\n                            <img decoding=\"async\" src=\"https:\/\/lafavolosa.com\/ilgiovanefavolosa\/wp-content\/uploads\/2024\/05\/Il-quarto-potere.jpg\" alt=\"\">\n                        <\/a><\/div><div class=\"eael-post-list-content\"><h2 class=\"eael-post-list-title\"><a href=\"https:\/\/lafavolosa.com\/ilgiovanefavolosa\/07-maggio-2024-ilquartopotere-it\/\" >07 Maggio 2024 &#8211; IlQuartoPotere.it<\/a><\/h2><div class=\"meta\">\n                    <span><i class=\"far fa-calendar-alt\"><\/i> Maggio 24, 2024<\/span>\n                <\/div><p>Una comunit\u00e0 tra gli operatori impegnati nella produzione, commercializzazione e valorizzazione della variet\u00e0 di olio extravergine di oliva \u201cFavolosa\u201d, la cultivar \u00a0che ha avuto e ha grande parte nella rinascita di intere parti del Salento olivicolo, aggredito dalla xylella. Conoscere questa cultivar da vicino \u00e8...<\/p><a href=\"https:\/\/lafavolosa.com\/ilgiovanefavolosa\/07-maggio-2024-ilquartopotere-it\/\" class=\"eael-post-elements-readmore-btn\" >Leggi l&#039;articolo<\/a><\/div><\/div><div class=\"eael-post-list-post \"><div class=\"eael-post-list-thumbnail \"><a href=\"https:\/\/lafavolosa.com\/ilgiovanefavolosa\/07-maggio-2024-batmagazine-it\/\">\n                            <img decoding=\"async\" src=\"https:\/\/lafavolosa.com\/ilgiovanefavolosa\/wp-content\/uploads\/2024\/05\/BAT-Magazine.jpg\" alt=\"\">\n                        <\/a><\/div><div class=\"eael-post-list-content\"><h2 class=\"eael-post-list-title\"><a href=\"https:\/\/lafavolosa.com\/ilgiovanefavolosa\/07-maggio-2024-batmagazine-it\/\" >07 Maggio 2024 &#8211; BatMagazine.it<\/a><\/h2><div class=\"meta\">\n                    <span><i class=\"far fa-calendar-alt\"><\/i> Maggio 24, 2024<\/span>\n                <\/div><p>Una comunit\u00e0 tra gli operatori impegnati nella produzione, commercializzazione e valorizzazione della variet\u00e0 di olio extravergine di oliva \u201cFavolosa\u201d, la cultivar\u00a0che ha avuto e ha grande parte nella rinascita di intere parti del Salento olivicolo, aggredito dalla xylella. Conoscere questa cultivar da vicino \u00e8 l\u2019obiettivo...<\/p><a href=\"https:\/\/lafavolosa.com\/ilgiovanefavolosa\/07-maggio-2024-batmagazine-it\/\" class=\"eael-post-elements-readmore-btn\" >Leggi l&#039;articolo<\/a><\/div><\/div><div class=\"eael-post-list-post \"><div class=\"eael-post-list-thumbnail \"><a href=\"https:\/\/lafavolosa.com\/ilgiovanefavolosa\/07-maggio-2024-videoandria-com\/\">\n                            <img decoding=\"async\" src=\"https:\/\/lafavolosa.com\/ilgiovanefavolosa\/wp-content\/uploads\/2024\/05\/VideoAndria.jpg\" alt=\"\">\n                        <\/a><\/div><div class=\"eael-post-list-content\"><h2 class=\"eael-post-list-title\"><a href=\"https:\/\/lafavolosa.com\/ilgiovanefavolosa\/07-maggio-2024-videoandria-com\/\" >07 Maggio 2024 &#8211; VideoAndria.com<\/a><\/h2><div class=\"meta\">\n                    <span><i class=\"far fa-calendar-alt\"><\/i> Maggio 24, 2024<\/span>\n                <\/div><p>Una comunit\u00e0 tra gli operatori impegnati nella produzione, commercializzazione e valorizzazione della variet\u00e0 di olio extravergine di oliva \u201cFavolosa\u201d, la cultivar che ha avuto e ha grande parte nella rinascita di intere parti del Salento olivicolo, aggredito dalla xylella. Conoscere questa cultivar da vicino \u00e8...<\/p><a href=\"https:\/\/lafavolosa.com\/ilgiovanefavolosa\/07-maggio-2024-videoandria-com\/\" class=\"eael-post-elements-readmore-btn\" >Leggi l&#039;articolo<\/a><\/div><\/div><div class=\"eael-post-list-post \"><div class=\"eael-post-list-thumbnail \"><a href=\"https:\/\/lafavolosa.com\/ilgiovanefavolosa\/07-maggio-2024-olivoeolio-it\/\">\n                            <img decoding=\"async\" src=\"https:\/\/lafavolosa.com\/ilgiovanefavolosa\/wp-content\/uploads\/2024\/05\/Screenshot-2024-05-24-alle-14.34.27.jpg\" alt=\"\">\n                        <\/a><\/div><div class=\"eael-post-list-content\"><h2 class=\"eael-post-list-title\"><a href=\"https:\/\/lafavolosa.com\/ilgiovanefavolosa\/07-maggio-2024-olivoeolio-it\/\" >07 Maggio 2024 &#8211; OlivoeOlio.it<\/a><\/h2><div class=\"meta\">\n                    <span><i class=\"far fa-calendar-alt\"><\/i> Maggio 24, 2024<\/span>\n                <\/div><p>A Trani, il 9 e 10 maggio, un viaggio nella filiera dell\u2019olio extra vergine d\u2019oliva della variet\u00e0 costituita da Giuseppe Fontanazza. L\u2019iniziativa \u00e8 stata presentata a Bari con una conferenza stampa nella sede di Assoproli Favolosa (o Fs-17) \u00e8 una variet\u00e0 di olivo che Giuseppe...<\/p><a href=\"https:\/\/lafavolosa.com\/ilgiovanefavolosa\/07-maggio-2024-olivoeolio-it\/\" class=\"eael-post-elements-readmore-btn\" >Leggi l&#039;articolo<\/a><\/div><\/div><div class=\"eael-post-list-post \"><div class=\"eael-post-list-thumbnail \"><a href=\"https:\/\/lafavolosa.com\/ilgiovanefavolosa\/06-maggio-2024-olioofficina-it\/\">\n                            <img decoding=\"async\" src=\"https:\/\/lafavolosa.com\/ilgiovanefavolosa\/wp-content\/uploads\/2024\/05\/Screenshot-2024-05-24-alle-13.54.13.png\" alt=\"\">\n                        <\/a><\/div><div class=\"eael-post-list-content\"><h2 class=\"eael-post-list-title\"><a href=\"https:\/\/lafavolosa.com\/ilgiovanefavolosa\/06-maggio-2024-olioofficina-it\/\" >06 Maggio 2024 &#8211; OlioOfficina.it<\/a><\/h2><div class=\"meta\">\n                    <span><i class=\"far fa-calendar-alt\"><\/i> Maggio 6, 2024<\/span>\n                <\/div><p>A partire dalle 16.30 di gioved\u00ec 9 maggio, si sonder\u00e0 un ricco e approfondito programma in merito alla cultivar FS-17, ovvero la variet\u00e0 di olivo Favolosa. Si tratta di una cultivar autofertile, ovvero che non ha bisogno di variet\u00e0 impollinatrici.\u00a0 Come nasce? Da una selezione...<\/p><a href=\"https:\/\/lafavolosa.com\/ilgiovanefavolosa\/06-maggio-2024-olioofficina-it\/\" class=\"eael-post-elements-readmore-btn\" >Leggi l&#039;articolo<\/a><\/div><\/div><\/div><\/div>\n\t\t<\/div><div data-nonce=\"438246d417\" class=\"post-list-pagination\" data-widget-id=\"fb2d075\" data-widget=\"fb2d075\" data-page-id=\"1119\" data-class=\"Essential_Addons_Elementor\\Pro\\Elements\\Post_List\" data-args=\"orderby=date&amp;order=desc&amp;ignore_sticky_posts=1&amp;post_status=publish&amp;posts_per_page=20&amp;offset=0&amp;post_type=post\" data-settings=\"eael_post_list_post_feature_image=yes&amp;eael_post_list_post_meta=yes&amp;eael_post_list_post_title=yes&amp;eael_post_list_post_excerpt=yes&amp;eael_post_list_post_excerpt_length=45&amp;eael_post_list_featured_area=&amp;eael_post_list_pagination=yes&amp;eael_post_list_layout_type=default&amp;eael_post_list_post_cat=&amp;eael_post_list_title_tag=h2&amp;eael_show_read_more_button=yes&amp;eael_post_list_read_more_text=Leggi+l%27articolo&amp;eael_post_list_excerpt_expanison_indicator=...&amp;eael_post_featured_image_size=medium_large\" data-page=\"1\" data-scroll-on-pagination=\"0\" data-scroll-offset=\"100\" data-template=\"{&quot;dir&quot;:&quot;pro&quot;,&quot;file_name&quot;:&quot;default.php&quot;,&quot;name&quot;:&quot;Post-List&quot;}\">\n                <button class=\"btn btn-prev-post\" id=\"post-nav-prev-fb2d075\" disabled=\"true\"><svg aria-hidden=\"true\" class=\"e-font-icon-svg e-fas-angle-left\" viewBox=\"0 0 256 512\" xmlns=\"http:\/\/www.w3.org\/2000\/svg\"><path d=\"M31.7 239l136-136c9.4-9.4 24.6-9.4 33.9 0l22.6 22.6c9.4 9.4 9.4 24.6 0 33.9L127.9 256l96.4 96.4c9.4 9.4 9.4 24.6 0 33.9L201.7 409c-9.4 9.4-24.6 9.4-33.9 0l-136-136c-9.5-9.4-9.5-24.6-.1-34z\"><\/path><\/svg><\/button><button class=\"btn btn-next-post\" id=\"post-nav-next-fb2d075\"><svg aria-hidden=\"true\" class=\"e-font-icon-svg e-fas-angle-right\" viewBox=\"0 0 256 512\" xmlns=\"http:\/\/www.w3.org\/2000\/svg\"><path d=\"M224.3 273l-136 136c-9.4 9.4-24.6 9.4-33.9 0l-22.6-22.6c-9.4-9.4-9.4-24.6 0-33.9l96.4-96.4-96.4-96.4c-9.4-9.4-9.4-24.6 0-33.9L54.3 103c9.4-9.4 24.6-9.4 33.9 0l136 136c9.5 9.4 9.5 24.6.1 34z\"><\/path><\/svg><\/button>\n\t\t\t<\/div>\t\t\t\t<\/div>\n\t\t\t\t<\/div>\n\t\t\t\t\t<\/div>\n\t\t\t\t<\/div>\n\t\t\t\t<\/div>\n\t\t","protected":false},"excerpt":{"rendered":"<p>20 Maggio 2024 &#8211; Podcast Rai.TV &#8211; Artigianato Food Maggio 28, 2024 L&#8217;Italia che va: storie, realt\u00e0, esperienze, imprenditori di successo. Giornalista: E adesso siamo proprio in una zona vocata per la produzione del meraviglioso nettere verde, e allora all&#8217;olio extravergine di oliva. Stiamo nella provincia di Bat: Barletta, Andria e Trani. E proprio qui &hellip; <\/p>\n<p class=\"link-more\"><a href=\"https:\/\/lafavolosa.com\/ilgiovanefavolosa\/06-maggio-2024-olioofficina-it\/\" class=\"more-link\">Leggi tutto<span class=\"screen-reader-text\"> &#8220;06 Maggio 2024 &#8211; OlioOfficina.it&#8221;<\/span><\/a><\/p>\n","protected":false},"author":3,"featured_media":0,"parent":706,"menu_order":0,"comment_status":"closed","ping_status":"closed","template":"","meta":{"inspiro_hide_title":false,"footnotes":""},"class_list":["post-1119","page","type-page","status-publish","hentry"],"_links":{"self":[{"href":"https:\/\/lafavolosa.com\/ilgiovanefavolosa\/wp-json\/wp\/v2\/pages\/1119","targetHints":{"allow":["GET"]}}],"collection":[{"href":"https:\/\/lafavolosa.com\/ilgiovanefavolosa\/wp-json\/wp\/v2\/pages"}],"about":[{"href":"https:\/\/lafavolosa.com\/ilgiovanefavolosa\/wp-json\/wp\/v2\/types\/page"}],"author":[{"embeddable":true,"href":"https:\/\/lafavolosa.com\/ilgiovanefavolosa\/wp-json\/wp\/v2\/users\/3"}],"replies":[{"embeddable":true,"href":"https:\/\/lafavolosa.com\/ilgiovanefavolosa\/wp-json\/wp\/v2\/comments?post=1119"}],"version-history":[{"count":15,"href":"https:\/\/lafavolosa.com\/ilgiovanefavolosa\/wp-json\/wp\/v2\/pages\/1119\/revisions"}],"predecessor-version":[{"id":1345,"href":"https:\/\/lafavolosa.com\/ilgiovanefavolosa\/wp-json\/wp\/v2\/pages\/1119\/revisions\/1345"}],"up":[{"embeddable":true,"href":"https:\/\/lafavolosa.com\/ilgiovanefavolosa\/wp-json\/wp\/v2\/pages\/706"}],"wp:attachment":[{"href":"https:\/\/lafavolosa.com\/ilgiovanefavolosa\/wp-json\/wp\/v2\/media?parent=1119"}],"curies":[{"name":"wp","href":"https:\/\/api.w.org\/{rel}","templated":true}]}}